{"id":33775,"date":"2024-11-11T08:18:15","date_gmt":"2024-11-11T08:18:15","guid":{"rendered":"https:\/\/alphabio-iberia.com\/?page_id=33775"},"modified":"2025-01-22T10:09:23","modified_gmt":"2025-01-22T10:09:23","slug":"pre-black-friday-2024","status":"publish","type":"page","link":"https:\/\/alphabio-iberia.com\/pt-pt\/pre-black-friday-2024\/","title":{"rendered":"Pre-Black Friday 2024"},"content":{"rendered":"\t\t<div data-elementor-type=\"wp-page\" data-elementor-id=\"33775\" class=\"elementor elementor-33775 elementor-33756\" data-elementor-post-type=\"page\">\n\t\t\t\t\t\t<section class=\"elementor-section elementor-top-section elementor-element elementor-element-075f0c1 elementor-section-full_width elementor-section-height-full elementor-section-height-default elementor-section-items-middle\" data-id=\"075f0c1\" data-element_type=\"section\" data-e-type=\"section\" data-settings=\"{&quot;background_background&quot;:&quot;classic&quot;}\">\n\t\t\t\t\t\t<div class=\"elementor-container elementor-column-gap-no\">\n\t\t\t\t\t<div class=\"elementor-column elementor-col-100 elementor-top-column elementor-element elementor-element-74f86ee\" data-id=\"74f86ee\" data-element_type=\"column\" data-e-type=\"column\">\n\t\t\t<div class=\"elementor-widget-wrap elementor-element-populated\">\n\t\t\t\t\t\t<section class=\"elementor-section elementor-inner-section elementor-element elementor-element-58673f4 elementor-section-boxed elementor-section-height-default elementor-section-height-default\" data-id=\"58673f4\" data-element_type=\"section\" data-e-type=\"section\">\n\t\t\t\t\t\t<div class=\"elementor-container elementor-column-gap-default\">\n\t\t\t\t\t<div class=\"elementor-column elementor-col-100 elementor-inner-column elementor-element elementor-element-4775a9c\" data-id=\"4775a9c\" data-element_type=\"column\" data-e-type=\"column\">\n\t\t\t<div class=\"elementor-widget-wrap elementor-element-populated\">\n\t\t\t\t\t\t<div class=\"elementor-element elementor-element-dcb546d elementor-widget elementor-widget-heading\" data-id=\"dcb546d\" data-element_type=\"widget\" data-e-type=\"widget\" data-widget_type=\"heading.default\">\n\t\t\t\t<div class=\"elementor-widget-container\">\n\t\t\t\t\t<h2 class=\"elementor-heading-title elementor-size-default\">BLACK FRIDAY<\/h2>\t\t\t\t<\/div>\n\t\t\t\t<\/div>\n\t\t\t\t\t<\/div>\n\t\t<\/div>\n\t\t\t\t\t<\/div>\n\t\t<\/section>\n\t\t\t\t<section class=\"elementor-section elementor-inner-section elementor-element elementor-element-c24d8ff elementor-section-boxed elementor-section-height-default elementor-section-height-default\" data-id=\"c24d8ff\" data-element_type=\"section\" data-e-type=\"section\">\n\t\t\t\t\t\t<div class=\"elementor-container elementor-column-gap-default\">\n\t\t\t\t\t<div class=\"elementor-column elementor-col-100 elementor-inner-column elementor-element elementor-element-ee690f0\" data-id=\"ee690f0\" data-element_type=\"column\" data-e-type=\"column\">\n\t\t\t<div class=\"elementor-widget-wrap elementor-element-populated\">\n\t\t\t\t\t\t<div class=\"elementor-element elementor-element-9ecec12 elementor-widget elementor-widget-heading\" data-id=\"9ecec12\" data-element_type=\"widget\" data-e-type=\"widget\" data-widget_type=\"heading.default\">\n\t\t\t\t<div class=\"elementor-widget-container\">\n\t\t\t\t\t<h3 class=\"elementor-heading-title elementor-size-default\">Descontos at\u00e9 40%<\/h3>\t\t\t\t<\/div>\n\t\t\t\t<\/div>\n\t\t\t\t<div class=\"elementor-element elementor-element-ba2b31b elementor-widget elementor-widget-heading\" data-id=\"ba2b31b\" data-element_type=\"widget\" data-e-type=\"widget\" data-widget_type=\"heading.default\">\n\t\t\t\t<div class=\"elementor-widget-container\">\n\t\t\t\t\t<h4 class=\"elementor-heading-title elementor-size-default\">Dispon\u00edvel a partir de 22 de novembro<\/h4>\t\t\t\t<\/div>\n\t\t\t\t<\/div>\n\t\t\t\t\t<\/div>\n\t\t<\/div>\n\t\t\t\t\t<\/div>\n\t\t<\/section>\n\t\t\t\t<section class=\"elementor-section elementor-inner-section elementor-element elementor-element-803d189 elementor-section-boxed elementor-section-height-default elementor-section-height-default\" data-id=\"803d189\" data-element_type=\"section\" data-e-type=\"section\">\n\t\t\t\t\t\t<div class=\"elementor-container elementor-column-gap-default\">\n\t\t\t\t\t<div class=\"elementor-column elementor-col-100 elementor-inner-column elementor-element elementor-element-69f4e8a\" data-id=\"69f4e8a\" data-element_type=\"column\" data-e-type=\"column\">\n\t\t\t<div class=\"elementor-widget-wrap elementor-element-populated\">\n\t\t\t\t\t\t<div class=\"elementor-element elementor-element-c96008c elementor-widget elementor-widget-heading\" data-id=\"c96008c\" data-element_type=\"widget\" data-e-type=\"widget\" data-widget_type=\"heading.default\">\n\t\t\t\t<div class=\"elementor-widget-container\">\n\t\t\t\t\t<h3 class=\"elementor-heading-title elementor-size-default\">Quer receber as ofertas da Black Friday antes de toda a gente?<\/h3>\t\t\t\t<\/div>\n\t\t\t\t<\/div>\n\t\t\t\t<div class=\"elementor-element elementor-element-3c0c2e6 elementor-widget elementor-widget-heading\" data-id=\"3c0c2e6\" data-element_type=\"widget\" data-e-type=\"widget\" data-widget_type=\"heading.default\">\n\t\t\t\t<div class=\"elementor-widget-container\">\n\t\t\t\t\t<h3 class=\"elementor-heading-title elementor-size-default\">Deixe-nos o seu e-mail e seja o primeiro a saber.<\/h3>\t\t\t\t<\/div>\n\t\t\t\t<\/div>\n\t\t\t\t<div class=\"elementor-element elementor-element-92859a9 elementor-widget elementor-widget-html\" data-id=\"92859a9\" data-element_type=\"widget\" data-e-type=\"widget\" data-widget_type=\"html.default\">\n\t\t\t\t<div class=\"elementor-widget-container\">\n\t\t\t\t\t<iframe src=\"https:\/\/go.medical10.es\/l\/944883\/2024-11-11\/j8454\" width=\"100%\" height=\"250\" type=\"text\/html\" frameborder=\"0\" allowTransparency=\"true\" style=\"border: 0\"><\/iframe>\t\t\t\t<\/div>\n\t\t\t\t<\/div>\n\t\t\t\t\t<\/div>\n\t\t<\/div>\n\t\t\t\t\t<\/div>\n\t\t<\/section>\n\t\t\t\t\t<\/div>\n\t\t<\/div>\n\t\t\t\t\t<\/div>\n\t\t<\/section>\n\t\t\t\t<\/div>\n\t\t","protected":false},"excerpt":{"rendered":"<p>BLACK FRIDAY Descontos at\u00e9 40% Dispon\u00edvel a partir de 22 de novembro Quer receber as ofertas da Black Friday antes de toda a gente? Deixe-nos o seu e-mail e seja o primeiro a saber.<\/p>\n","protected":false},"author":1,"featured_media":33781,"parent":0,"menu_order":0,"comment_status":"closed","ping_status":"closed","template":"elementor_canvas","meta":{"_acf_changed":false,"footnotes":""},"class_list":["post-33775","page","type-page","status-publish","has-post-thumbnail","hentry"],"acf":[],"yoast_head":"<!-- This site is optimized with the Yoast SEO plugin v27.4 - https:\/\/yoast.com\/product\/yoast-seo-wordpress\/ -->\n<title>Pre-Black Friday 2024 - Alpha-Bio Iberia<\/title>\n<meta name=\"description\" content=\"Black Friday 2024 Ofertas at\u00e9 40% em produtos selecionados da linha Biomateriais, Solu\u00e7\u00f5es Digitais e Est\u00e9tica.\" \/>\n<meta name=\"robots\" content=\"noindex, nofollow\" \/>\n<meta property=\"og:locale\" content=\"pt_PT\" \/>\n<meta property=\"og:type\" content=\"article\" \/>\n<meta property=\"og:title\" content=\"Pre-Black Friday 2024 - Alpha-Bio Iberia\" \/>\n<meta property=\"og:description\" content=\"Black Friday 2024 Ofertas at\u00e9 40% em produtos selecionados da linha Biomateriais, Solu\u00e7\u00f5es Digitais e Est\u00e9tica.\" \/>\n<meta property=\"og:url\" content=\"https:\/\/alphabio-iberia.com\/pt-pt\/pre-black-friday-2024\/\" \/>\n<meta property=\"og:site_name\" content=\"Alpha-Bio Iberia\" \/>\n<meta property=\"article:modified_time\" content=\"2025-01-22T10:09:23+00:00\" \/>\n<meta property=\"og:image\" content=\"https:\/\/alphabio-iberia.com\/wp-content\/uploads\/2024\/11\/destacada_PT.png\" \/>\n\t<meta property=\"og:image:width\" content=\"1080\" \/>\n\t<meta property=\"og:image:height\" content=\"628\" \/>\n\t<meta property=\"og:image:type\" content=\"image\/png\" \/>\n<meta name=\"twitter:card\" content=\"summary_large_image\" \/>\n<meta name=\"twitter:label1\" content=\"Tempo estimado de leitura\" \/>\n\t<meta name=\"twitter:data1\" content=\"1 minuto\" \/>\n<script type=\"application\/ld+json\" class=\"yoast-schema-graph\">{\"@context\":\"https:\\\/\\\/schema.org\",\"@graph\":[{\"@type\":\"WebPage\",\"@id\":\"https:\\\/\\\/alphabio-iberia.com\\\/pt-pt\\\/pre-black-friday-2024\\\/\",\"url\":\"https:\\\/\\\/alphabio-iberia.com\\\/pt-pt\\\/pre-black-friday-2024\\\/\",\"name\":\"Pre-Black Friday 2024 - Alpha-Bio Iberia\",\"isPartOf\":{\"@id\":\"https:\\\/\\\/alphabio-iberia.com\\\/pt-pt\\\/#website\"},\"primaryImageOfPage\":{\"@id\":\"https:\\\/\\\/alphabio-iberia.com\\\/pt-pt\\\/pre-black-friday-2024\\\/#primaryimage\"},\"image\":{\"@id\":\"https:\\\/\\\/alphabio-iberia.com\\\/pt-pt\\\/pre-black-friday-2024\\\/#primaryimage\"},\"thumbnailUrl\":\"https:\\\/\\\/alphabio-iberia.com\\\/wp-content\\\/uploads\\\/2024\\\/11\\\/destacada_PT.png\",\"datePublished\":\"2024-11-11T08:18:15+00:00\",\"dateModified\":\"2025-01-22T10:09:23+00:00\",\"description\":\"Black Friday 2024 Ofertas at\u00e9 40% em produtos selecionados da linha Biomateriais, Solu\u00e7\u00f5es Digitais e Est\u00e9tica.\",\"breadcrumb\":{\"@id\":\"https:\\\/\\\/alphabio-iberia.com\\\/pt-pt\\\/pre-black-friday-2024\\\/#breadcrumb\"},\"inLanguage\":\"pt-PT\",\"potentialAction\":[{\"@type\":\"ReadAction\",\"target\":[\"https:\\\/\\\/alphabio-iberia.com\\\/pt-pt\\\/pre-black-friday-2024\\\/\"]}]},{\"@type\":\"ImageObject\",\"inLanguage\":\"pt-PT\",\"@id\":\"https:\\\/\\\/alphabio-iberia.com\\\/pt-pt\\\/pre-black-friday-2024\\\/#primaryimage\",\"url\":\"https:\\\/\\\/alphabio-iberia.com\\\/wp-content\\\/uploads\\\/2024\\\/11\\\/destacada_PT.png\",\"contentUrl\":\"https:\\\/\\\/alphabio-iberia.com\\\/wp-content\\\/uploads\\\/2024\\\/11\\\/destacada_PT.png\",\"width\":1080,\"height\":628},{\"@type\":\"BreadcrumbList\",\"@id\":\"https:\\\/\\\/alphabio-iberia.com\\\/pt-pt\\\/pre-black-friday-2024\\\/#breadcrumb\",\"itemListElement\":[{\"@type\":\"ListItem\",\"position\":1,\"name\":\"Home\",\"item\":\"https:\\\/\\\/alphabio-iberia.com\\\/pt-pt\\\/home\\\/\"},{\"@type\":\"ListItem\",\"position\":2,\"name\":\"Pre-Black Friday 2024\"}]},{\"@type\":\"WebSite\",\"@id\":\"https:\\\/\\\/alphabio-iberia.com\\\/pt-pt\\\/#website\",\"url\":\"https:\\\/\\\/alphabio-iberia.com\\\/pt-pt\\\/\",\"name\":\"Alpha-Bio Iberia\",\"description\":\"Distribuidor de soluciones avanzadas en implantolog\u00eda, regeneraci\u00f3n oral y tecnolog\u00eda digital para odont\u00f3logos. Distribuidor de implantes AlphaBio Tec\",\"publisher\":{\"@id\":\"https:\\\/\\\/alphabio-iberia.com\\\/pt-pt\\\/#organization\"},\"potentialAction\":[{\"@type\":\"SearchAction\",\"target\":{\"@type\":\"EntryPoint\",\"urlTemplate\":\"https:\\\/\\\/alphabio-iberia.com\\\/pt-pt\\\/?s={search_term_string}\"},\"query-input\":{\"@type\":\"PropertyValueSpecification\",\"valueRequired\":true,\"valueName\":\"search_term_string\"}}],\"inLanguage\":\"pt-PT\"},{\"@type\":\"Organization\",\"@id\":\"https:\\\/\\\/alphabio-iberia.com\\\/pt-pt\\\/#organization\",\"name\":\"Alpha Bio Iberia\",\"url\":\"https:\\\/\\\/alphabio-iberia.com\\\/pt-pt\\\/\",\"logo\":{\"@type\":\"ImageObject\",\"inLanguage\":\"pt-PT\",\"@id\":\"https:\\\/\\\/alphabio-iberia.com\\\/pt-pt\\\/#\\\/schema\\\/logo\\\/image\\\/\",\"url\":\"https:\\\/\\\/alphabio-iberia.com\\\/wp-content\\\/uploads\\\/2025\\\/01\\\/cropped-logo-alpha-bio-iberia.png\",\"contentUrl\":\"https:\\\/\\\/alphabio-iberia.com\\\/wp-content\\\/uploads\\\/2025\\\/01\\\/cropped-logo-alpha-bio-iberia.png\",\"width\":500,\"height\":143,\"caption\":\"Alpha Bio Iberia\"},\"image\":{\"@id\":\"https:\\\/\\\/alphabio-iberia.com\\\/pt-pt\\\/#\\\/schema\\\/logo\\\/image\\\/\"}}]}<\/script>\n<!-- \/ Yoast SEO plugin. -->","yoast_head_json":{"title":"Pre-Black Friday 2024 - Alpha-Bio Iberia","description":"Black Friday 2024 Ofertas at\u00e9 40% em produtos selecionados da linha Biomateriais, Solu\u00e7\u00f5es Digitais e Est\u00e9tica.","robots":{"index":"noindex","follow":"nofollow"},"og_locale":"pt_PT","og_type":"article","og_title":"Pre-Black Friday 2024 - Alpha-Bio Iberia","og_description":"Black Friday 2024 Ofertas at\u00e9 40% em produtos selecionados da linha Biomateriais, Solu\u00e7\u00f5es Digitais e Est\u00e9tica.","og_url":"https:\/\/alphabio-iberia.com\/pt-pt\/pre-black-friday-2024\/","og_site_name":"Alpha-Bio Iberia","article_modified_time":"2025-01-22T10:09:23+00:00","og_image":[{"width":1080,"height":628,"url":"https:\/\/alphabio-iberia.com\/wp-content\/uploads\/2024\/11\/destacada_PT.png","type":"image\/png"}],"twitter_card":"summary_large_image","twitter_misc":{"Tempo estimado de leitura":"1 minuto"},"schema":{"@context":"https:\/\/schema.org","@graph":[{"@type":"WebPage","@id":"https:\/\/alphabio-iberia.com\/pt-pt\/pre-black-friday-2024\/","url":"https:\/\/alphabio-iberia.com\/pt-pt\/pre-black-friday-2024\/","name":"Pre-Black Friday 2024 - Alpha-Bio Iberia","isPartOf":{"@id":"https:\/\/alphabio-iberia.com\/pt-pt\/#website"},"primaryImageOfPage":{"@id":"https:\/\/alphabio-iberia.com\/pt-pt\/pre-black-friday-2024\/#primaryimage"},"image":{"@id":"https:\/\/alphabio-iberia.com\/pt-pt\/pre-black-friday-2024\/#primaryimage"},"thumbnailUrl":"https:\/\/alphabio-iberia.com\/wp-content\/uploads\/2024\/11\/destacada_PT.png","datePublished":"2024-11-11T08:18:15+00:00","dateModified":"2025-01-22T10:09:23+00:00","description":"Black Friday 2024 Ofertas at\u00e9 40% em produtos selecionados da linha Biomateriais, Solu\u00e7\u00f5es Digitais e Est\u00e9tica.","breadcrumb":{"@id":"https:\/\/alphabio-iberia.com\/pt-pt\/pre-black-friday-2024\/#breadcrumb"},"inLanguage":"pt-PT","potentialAction":[{"@type":"ReadAction","target":["https:\/\/alphabio-iberia.com\/pt-pt\/pre-black-friday-2024\/"]}]},{"@type":"ImageObject","inLanguage":"pt-PT","@id":"https:\/\/alphabio-iberia.com\/pt-pt\/pre-black-friday-2024\/#primaryimage","url":"https:\/\/alphabio-iberia.com\/wp-content\/uploads\/2024\/11\/destacada_PT.png","contentUrl":"https:\/\/alphabio-iberia.com\/wp-content\/uploads\/2024\/11\/destacada_PT.png","width":1080,"height":628},{"@type":"BreadcrumbList","@id":"https:\/\/alphabio-iberia.com\/pt-pt\/pre-black-friday-2024\/#breadcrumb","itemListElement":[{"@type":"ListItem","position":1,"name":"Home","item":"https:\/\/alphabio-iberia.com\/pt-pt\/home\/"},{"@type":"ListItem","position":2,"name":"Pre-Black Friday 2024"}]},{"@type":"WebSite","@id":"https:\/\/alphabio-iberia.com\/pt-pt\/#website","url":"https:\/\/alphabio-iberia.com\/pt-pt\/","name":"Alpha-Bio Iberia","description":"Distribuidor de soluciones avanzadas en implantolog\u00eda, regeneraci\u00f3n oral y tecnolog\u00eda digital para odont\u00f3logos. Distribuidor de implantes AlphaBio Tec","publisher":{"@id":"https:\/\/alphabio-iberia.com\/pt-pt\/#organization"},"potentialAction":[{"@type":"SearchAction","target":{"@type":"EntryPoint","urlTemplate":"https:\/\/alphabio-iberia.com\/pt-pt\/?s={search_term_string}"},"query-input":{"@type":"PropertyValueSpecification","valueRequired":true,"valueName":"search_term_string"}}],"inLanguage":"pt-PT"},{"@type":"Organization","@id":"https:\/\/alphabio-iberia.com\/pt-pt\/#organization","name":"Alpha Bio Iberia","url":"https:\/\/alphabio-iberia.com\/pt-pt\/","logo":{"@type":"ImageObject","inLanguage":"pt-PT","@id":"https:\/\/alphabio-iberia.com\/pt-pt\/#\/schema\/logo\/image\/","url":"https:\/\/alphabio-iberia.com\/wp-content\/uploads\/2025\/01\/cropped-logo-alpha-bio-iberia.png","contentUrl":"https:\/\/alphabio-iberia.com\/wp-content\/uploads\/2025\/01\/cropped-logo-alpha-bio-iberia.png","width":500,"height":143,"caption":"Alpha Bio Iberia"},"image":{"@id":"https:\/\/alphabio-iberia.com\/pt-pt\/#\/schema\/logo\/image\/"}}]}},"_links":{"self":[{"href":"https:\/\/alphabio-iberia.com\/pt-pt\/wp-json\/wp\/v2\/pages\/33775","targetHints":{"allow":["GET"]}}],"collection":[{"href":"https:\/\/alphabio-iberia.com\/pt-pt\/wp-json\/wp\/v2\/pages"}],"about":[{"href":"https:\/\/alphabio-iberia.com\/pt-pt\/wp-json\/wp\/v2\/types\/page"}],"author":[{"embeddable":true,"href":"https:\/\/alphabio-iberia.com\/pt-pt\/wp-json\/wp\/v2\/users\/1"}],"replies":[{"embeddable":true,"href":"https:\/\/alphabio-iberia.com\/pt-pt\/wp-json\/wp\/v2\/comments?post=33775"}],"version-history":[{"count":35,"href":"https:\/\/alphabio-iberia.com\/pt-pt\/wp-json\/wp\/v2\/pages\/33775\/revisions"}],"predecessor-version":[{"id":34983,"href":"https:\/\/alphabio-iberia.com\/pt-pt\/wp-json\/wp\/v2\/pages\/33775\/revisions\/34983"}],"wp:featuredmedia":[{"embeddable":true,"href":"https:\/\/alphabio-iberia.com\/pt-pt\/wp-json\/wp\/v2\/media\/33781"}],"wp:attachment":[{"href":"https:\/\/alphabio-iberia.com\/pt-pt\/wp-json\/wp\/v2\/media?parent=33775"}],"curies":[{"name":"wp","href":"https:\/\/api.w.org\/{rel}","templated":true}]}}