{"id":31912,"date":"2024-09-30T12:30:36","date_gmt":"2024-09-30T12:30:36","guid":{"rendered":"https:\/\/alphabio-iberia.com\/alpha-bio-iberia-obrigado-demo\/"},"modified":"2024-11-27T10:25:35","modified_gmt":"2024-11-27T10:25:35","slug":"alpha-bio-iberia-obrigado-demo","status":"publish","type":"page","link":"https:\/\/alphabio-iberia.com\/pt-pt\/alpha-bio-iberia-obrigado-demo\/","title":{"rendered":"Alpha-Bio Iberia | Obrigado | Demo &#8211; Soluciones Digitales"},"content":{"rendered":"\t\t<div data-elementor-type=\"wp-page\" data-elementor-id=\"31912\" class=\"elementor elementor-31912 elementor-31077\" data-elementor-post-type=\"page\">\n\t\t\t\t\t\t<section class=\"elementor-section elementor-top-section elementor-element elementor-element-d15f259 elementor-section-height-min-height elementor-section-boxed elementor-section-height-default elementor-section-items-middle\" data-id=\"d15f259\" data-element_type=\"section\" data-e-type=\"section\" data-settings=\"{&quot;background_background&quot;:&quot;classic&quot;,&quot;shape_divider_bottom&quot;:&quot;triangle-asymmetrical&quot;,&quot;shape_divider_bottom_negative&quot;:&quot;yes&quot;}\">\n\t\t\t\t\t\t\t<div class=\"elementor-background-overlay\"><\/div>\n\t\t\t\t\t\t<div class=\"elementor-shape elementor-shape-bottom\" aria-hidden=\"true\" data-negative=\"true\">\n\t\t\t<svg xmlns=\"http:\/\/www.w3.org\/2000\/svg\" viewBox=\"0 0 1000 100\" preserveAspectRatio=\"none\">\n\t<path class=\"elementor-shape-fill\" d=\"M737.9,94.7L0,0v100h1000V0L737.9,94.7z\"\/>\n<\/svg>\t\t<\/div>\n\t\t\t\t\t<div class=\"elementor-container elementor-column-gap-default\">\n\t\t\t\t\t<div class=\"elementor-column elementor-col-100 elementor-top-column elementor-element elementor-element-ce37d80\" data-id=\"ce37d80\" data-element_type=\"column\" data-e-type=\"column\">\n\t\t\t<div class=\"elementor-widget-wrap elementor-element-populated\">\n\t\t\t\t\t\t<section class=\"elementor-section elementor-inner-section elementor-element elementor-element-1672821 elementor-section-boxed elementor-section-height-default elementor-section-height-default\" data-id=\"1672821\" data-element_type=\"section\" data-e-type=\"section\">\n\t\t\t\t\t\t<div class=\"elementor-container elementor-column-gap-default\">\n\t\t\t\t\t<div class=\"elementor-column elementor-col-50 elementor-inner-column elementor-element elementor-element-63eb457\" data-id=\"63eb457\" data-element_type=\"column\" data-e-type=\"column\">\n\t\t\t<div class=\"elementor-widget-wrap elementor-element-populated\">\n\t\t\t\t\t\t<div class=\"elementor-element elementor-element-72743a0 elementor-widget elementor-widget-text-editor\" data-id=\"72743a0\" data-element_type=\"widget\" data-e-type=\"widget\" data-widget_type=\"text-editor.default\">\n\t\t\t\t<div class=\"elementor-widget-container\">\n\t\t\t\t\t\t\t\t\t<p>Obrigado por nos contactar<\/p>\n\t\t\t\t\t\t\t\t<\/div>\n\t\t\t\t<\/div>\n\t\t\t\t<div class=\"elementor-element elementor-element-6f51eef elementor-widget elementor-widget-text-editor\" data-id=\"6f51eef\" data-element_type=\"widget\" data-e-type=\"widget\" data-widget_type=\"text-editor.default\">\n\t\t\t\t<div class=\"elementor-widget-container\">\n\t\t\t\t\t\t\t\t\t<p>O seu pedido de DEMO online foi registado. Juanjo Caso, o nosso t\u00e9cnico de solu\u00e7\u00f5es digitais, entrar\u00e1 em contacto consigo em breve para agendar a mesma. <\/p>\n<p><strong>Alpha-Bio Iberia<\/strong><\/p>\n\t\t\t\t\t\t\t\t<\/div>\n\t\t\t\t<\/div>\n\t\t\t\t\t<\/div>\n\t\t<\/div>\n\t\t\t\t<div class=\"elementor-column elementor-col-50 elementor-inner-column elementor-element elementor-element-d4f9279\" data-id=\"d4f9279\" data-element_type=\"column\" data-e-type=\"column\">\n\t\t\t<div class=\"elementor-widget-wrap\">\n\t\t\t\t\t\t\t<\/div>\n\t\t<\/div>\n\t\t\t\t\t<\/div>\n\t\t<\/section>\n\t\t\t\t\t<\/div>\n\t\t<\/div>\n\t\t\t\t\t<\/div>\n\t\t<\/section>\n\t\t\t\t<\/div>\n\t\t","protected":false},"excerpt":{"rendered":"<p>Obrigado por nos contactar O seu pedido de DEMO online foi registado. Juanjo Caso, o nosso t\u00e9cnico de solu\u00e7\u00f5es digitais, entrar\u00e1 em contacto consigo em breve para agendar a mesma. Alpha-Bio Iberia<\/p>\n","protected":false},"author":1,"featured_media":0,"parent":0,"menu_order":0,"comment_status":"closed","ping_status":"closed","template":"elementor_header_footer","meta":{"_acf_changed":false,"footnotes":""},"class_list":["post-31912","page","type-page","status-publish","hentry"],"acf":[],"yoast_head":"<!-- This site is optimized with the Yoast SEO plugin v27.4 - https:\/\/yoast.com\/product\/yoast-seo-wordpress\/ -->\n<title>Alpha-Bio Iberia | Obrigado | Demo - Soluciones Digitales - Alpha-Bio Iberia<\/title>\n<meta name=\"robots\" content=\"index, follow, max-snippet:-1, max-image-preview:large, max-video-preview:-1\" \/>\n<link rel=\"canonical\" href=\"https:\/\/alphabio-iberia.com\/pt-pt\/alpha-bio-iberia-obrigado-demo\/\" \/>\n<meta property=\"og:locale\" content=\"pt_PT\" \/>\n<meta property=\"og:type\" content=\"article\" \/>\n<meta property=\"og:title\" content=\"Alpha-Bio Iberia | Obrigado | Demo - Soluciones Digitales - Alpha-Bio Iberia\" \/>\n<meta property=\"og:description\" content=\"Obrigado por nos contactar O seu pedido de DEMO online foi registado. Juanjo Caso, o nosso t\u00e9cnico de solu\u00e7\u00f5es digitais, entrar\u00e1 em contacto consigo em breve para agendar a mesma. Alpha-Bio Iberia\" \/>\n<meta property=\"og:url\" content=\"https:\/\/alphabio-iberia.com\/pt-pt\/alpha-bio-iberia-obrigado-demo\/\" \/>\n<meta property=\"og:site_name\" content=\"Alpha-Bio Iberia\" \/>\n<meta property=\"article:modified_time\" content=\"2024-11-27T10:25:35+00:00\" \/>\n<meta property=\"og:image\" content=\"https:\/\/alphabio-iberia.com\/wp-content\/uploads\/2024\/01\/cobranding_horizontal_bordegris.png\" \/>\n\t<meta property=\"og:image:width\" content=\"500\" \/>\n\t<meta property=\"og:image:height\" content=\"148\" \/>\n\t<meta property=\"og:image:type\" content=\"image\/png\" \/>\n<meta name=\"twitter:card\" content=\"summary_large_image\" \/>\n<script type=\"application\/ld+json\" class=\"yoast-schema-graph\">{\"@context\":\"https:\\\/\\\/schema.org\",\"@graph\":[{\"@type\":\"WebPage\",\"@id\":\"https:\\\/\\\/alphabio-iberia.com\\\/pt-pt\\\/alpha-bio-iberia-obrigado-demo\\\/\",\"url\":\"https:\\\/\\\/alphabio-iberia.com\\\/pt-pt\\\/alpha-bio-iberia-obrigado-demo\\\/\",\"name\":\"Alpha-Bio Iberia | Obrigado | Demo - Soluciones Digitales - Alpha-Bio Iberia\",\"isPartOf\":{\"@id\":\"https:\\\/\\\/alphabio-iberia.com\\\/pt-pt\\\/#website\"},\"datePublished\":\"2024-09-30T12:30:36+00:00\",\"dateModified\":\"2024-11-27T10:25:35+00:00\",\"breadcrumb\":{\"@id\":\"https:\\\/\\\/alphabio-iberia.com\\\/pt-pt\\\/alpha-bio-iberia-obrigado-demo\\\/#breadcrumb\"},\"inLanguage\":\"pt-PT\",\"potentialAction\":[{\"@type\":\"ReadAction\",\"target\":[\"https:\\\/\\\/alphabio-iberia.com\\\/pt-pt\\\/alpha-bio-iberia-obrigado-demo\\\/\"]}]},{\"@type\":\"BreadcrumbList\",\"@id\":\"https:\\\/\\\/alphabio-iberia.com\\\/pt-pt\\\/alpha-bio-iberia-obrigado-demo\\\/#breadcrumb\",\"itemListElement\":[{\"@type\":\"ListItem\",\"position\":1,\"name\":\"Home\",\"item\":\"https:\\\/\\\/alphabio-iberia.com\\\/pt-pt\\\/home\\\/\"},{\"@type\":\"ListItem\",\"position\":2,\"name\":\"Alpha-Bio Iberia | Obrigado | Demo &#8211; Soluciones Digitales\"}]},{\"@type\":\"WebSite\",\"@id\":\"https:\\\/\\\/alphabio-iberia.com\\\/pt-pt\\\/#website\",\"url\":\"https:\\\/\\\/alphabio-iberia.com\\\/pt-pt\\\/\",\"name\":\"Alpha-Bio Iberia\",\"description\":\"Distribuidor de soluciones avanzadas en implantolog\u00eda, regeneraci\u00f3n oral y tecnolog\u00eda digital para odont\u00f3logos. Distribuidor de implantes AlphaBio Tec\",\"publisher\":{\"@id\":\"https:\\\/\\\/alphabio-iberia.com\\\/pt-pt\\\/#organization\"},\"potentialAction\":[{\"@type\":\"SearchAction\",\"target\":{\"@type\":\"EntryPoint\",\"urlTemplate\":\"https:\\\/\\\/alphabio-iberia.com\\\/pt-pt\\\/?s={search_term_string}\"},\"query-input\":{\"@type\":\"PropertyValueSpecification\",\"valueRequired\":true,\"valueName\":\"search_term_string\"}}],\"inLanguage\":\"pt-PT\"},{\"@type\":\"Organization\",\"@id\":\"https:\\\/\\\/alphabio-iberia.com\\\/pt-pt\\\/#organization\",\"name\":\"Alpha Bio Iberia\",\"url\":\"https:\\\/\\\/alphabio-iberia.com\\\/pt-pt\\\/\",\"logo\":{\"@type\":\"ImageObject\",\"inLanguage\":\"pt-PT\",\"@id\":\"https:\\\/\\\/alphabio-iberia.com\\\/pt-pt\\\/#\\\/schema\\\/logo\\\/image\\\/\",\"url\":\"https:\\\/\\\/alphabio-iberia.com\\\/wp-content\\\/uploads\\\/2025\\\/01\\\/cropped-logo-alpha-bio-iberia.png\",\"contentUrl\":\"https:\\\/\\\/alphabio-iberia.com\\\/wp-content\\\/uploads\\\/2025\\\/01\\\/cropped-logo-alpha-bio-iberia.png\",\"width\":500,\"height\":143,\"caption\":\"Alpha Bio Iberia\"},\"image\":{\"@id\":\"https:\\\/\\\/alphabio-iberia.com\\\/pt-pt\\\/#\\\/schema\\\/logo\\\/image\\\/\"}}]}<\/script>\n<!-- \/ Yoast SEO plugin. -->","yoast_head_json":{"title":"Alpha-Bio Iberia | Obrigado | Demo - Soluciones Digitales - Alpha-Bio Iberia","robots":{"index":"index","follow":"follow","max-snippet":"max-snippet:-1","max-image-preview":"max-image-preview:large","max-video-preview":"max-video-preview:-1"},"canonical":"https:\/\/alphabio-iberia.com\/pt-pt\/alpha-bio-iberia-obrigado-demo\/","og_locale":"pt_PT","og_type":"article","og_title":"Alpha-Bio Iberia | Obrigado | Demo - Soluciones Digitales - Alpha-Bio Iberia","og_description":"Obrigado por nos contactar O seu pedido de DEMO online foi registado. Juanjo Caso, o nosso t\u00e9cnico de solu\u00e7\u00f5es digitais, entrar\u00e1 em contacto consigo em breve para agendar a mesma. Alpha-Bio Iberia","og_url":"https:\/\/alphabio-iberia.com\/pt-pt\/alpha-bio-iberia-obrigado-demo\/","og_site_name":"Alpha-Bio Iberia","article_modified_time":"2024-11-27T10:25:35+00:00","og_image":[{"width":500,"height":148,"url":"https:\/\/alphabio-iberia.com\/wp-content\/uploads\/2024\/01\/cobranding_horizontal_bordegris.png","type":"image\/png"}],"twitter_card":"summary_large_image","schema":{"@context":"https:\/\/schema.org","@graph":[{"@type":"WebPage","@id":"https:\/\/alphabio-iberia.com\/pt-pt\/alpha-bio-iberia-obrigado-demo\/","url":"https:\/\/alphabio-iberia.com\/pt-pt\/alpha-bio-iberia-obrigado-demo\/","name":"Alpha-Bio Iberia | Obrigado | Demo - Soluciones Digitales - Alpha-Bio Iberia","isPartOf":{"@id":"https:\/\/alphabio-iberia.com\/pt-pt\/#website"},"datePublished":"2024-09-30T12:30:36+00:00","dateModified":"2024-11-27T10:25:35+00:00","breadcrumb":{"@id":"https:\/\/alphabio-iberia.com\/pt-pt\/alpha-bio-iberia-obrigado-demo\/#breadcrumb"},"inLanguage":"pt-PT","potentialAction":[{"@type":"ReadAction","target":["https:\/\/alphabio-iberia.com\/pt-pt\/alpha-bio-iberia-obrigado-demo\/"]}]},{"@type":"BreadcrumbList","@id":"https:\/\/alphabio-iberia.com\/pt-pt\/alpha-bio-iberia-obrigado-demo\/#breadcrumb","itemListElement":[{"@type":"ListItem","position":1,"name":"Home","item":"https:\/\/alphabio-iberia.com\/pt-pt\/home\/"},{"@type":"ListItem","position":2,"name":"Alpha-Bio Iberia | Obrigado | Demo &#8211; Soluciones Digitales"}]},{"@type":"WebSite","@id":"https:\/\/alphabio-iberia.com\/pt-pt\/#website","url":"https:\/\/alphabio-iberia.com\/pt-pt\/","name":"Alpha-Bio Iberia","description":"Distribuidor de soluciones avanzadas en implantolog\u00eda, regeneraci\u00f3n oral y tecnolog\u00eda digital para odont\u00f3logos. Distribuidor de implantes AlphaBio Tec","publisher":{"@id":"https:\/\/alphabio-iberia.com\/pt-pt\/#organization"},"potentialAction":[{"@type":"SearchAction","target":{"@type":"EntryPoint","urlTemplate":"https:\/\/alphabio-iberia.com\/pt-pt\/?s={search_term_string}"},"query-input":{"@type":"PropertyValueSpecification","valueRequired":true,"valueName":"search_term_string"}}],"inLanguage":"pt-PT"},{"@type":"Organization","@id":"https:\/\/alphabio-iberia.com\/pt-pt\/#organization","name":"Alpha Bio Iberia","url":"https:\/\/alphabio-iberia.com\/pt-pt\/","logo":{"@type":"ImageObject","inLanguage":"pt-PT","@id":"https:\/\/alphabio-iberia.com\/pt-pt\/#\/schema\/logo\/image\/","url":"https:\/\/alphabio-iberia.com\/wp-content\/uploads\/2025\/01\/cropped-logo-alpha-bio-iberia.png","contentUrl":"https:\/\/alphabio-iberia.com\/wp-content\/uploads\/2025\/01\/cropped-logo-alpha-bio-iberia.png","width":500,"height":143,"caption":"Alpha Bio Iberia"},"image":{"@id":"https:\/\/alphabio-iberia.com\/pt-pt\/#\/schema\/logo\/image\/"}}]}},"_links":{"self":[{"href":"https:\/\/alphabio-iberia.com\/pt-pt\/wp-json\/wp\/v2\/pages\/31912","targetHints":{"allow":["GET"]}}],"collection":[{"href":"https:\/\/alphabio-iberia.com\/pt-pt\/wp-json\/wp\/v2\/pages"}],"about":[{"href":"https:\/\/alphabio-iberia.com\/pt-pt\/wp-json\/wp\/v2\/types\/page"}],"author":[{"embeddable":true,"href":"https:\/\/alphabio-iberia.com\/pt-pt\/wp-json\/wp\/v2\/users\/1"}],"replies":[{"embeddable":true,"href":"https:\/\/alphabio-iberia.com\/pt-pt\/wp-json\/wp\/v2\/comments?post=31912"}],"version-history":[{"count":3,"href":"https:\/\/alphabio-iberia.com\/pt-pt\/wp-json\/wp\/v2\/pages\/31912\/revisions"}],"predecessor-version":[{"id":34240,"href":"https:\/\/alphabio-iberia.com\/pt-pt\/wp-json\/wp\/v2\/pages\/31912\/revisions\/34240"}],"wp:attachment":[{"href":"https:\/\/alphabio-iberia.com\/pt-pt\/wp-json\/wp\/v2\/media?parent=31912"}],"curies":[{"name":"wp","href":"https:\/\/api.w.org\/{rel}","templated":true}]}}