{"id":21621,"date":"2023-06-01T08:24:44","date_gmt":"2023-06-01T08:24:44","guid":{"rendered":"https:\/\/alphabio-iberia.com\/?page_id=21621"},"modified":"2025-02-18T12:24:23","modified_gmt":"2025-02-18T12:24:23","slug":"alpha-bio-iberia-contacto","status":"publish","type":"page","link":"https:\/\/alphabio-iberia.com\/pt-pt\/alpha-bio-iberia-contacto\/","title":{"rendered":"Alpha-Bio Iberia | Contacto"},"content":{"rendered":"\t\t<div data-elementor-type=\"wp-page\" data-elementor-id=\"21621\" class=\"elementor elementor-21621 elementor-21620\" data-elementor-post-type=\"page\">\n\t\t\t\t\t\t<section class=\"elementor-section elementor-top-section elementor-element elementor-element-d15f259 elementor-section-height-min-height elementor-section-boxed elementor-section-height-default elementor-section-items-middle\" data-id=\"d15f259\" data-element_type=\"section\" data-e-type=\"section\" data-settings=\"{&quot;background_background&quot;:&quot;classic&quot;,&quot;shape_divider_bottom&quot;:&quot;triangle-asymmetrical&quot;,&quot;shape_divider_bottom_negative&quot;:&quot;yes&quot;}\">\n\t\t\t\t\t\t\t<div class=\"elementor-background-overlay\"><\/div>\n\t\t\t\t\t\t<div class=\"elementor-shape elementor-shape-bottom\" aria-hidden=\"true\" data-negative=\"true\">\n\t\t\t<svg xmlns=\"http:\/\/www.w3.org\/2000\/svg\" viewBox=\"0 0 1000 100\" preserveAspectRatio=\"none\">\n\t<path class=\"elementor-shape-fill\" d=\"M737.9,94.7L0,0v100h1000V0L737.9,94.7z\"\/>\n<\/svg>\t\t<\/div>\n\t\t\t\t\t<div class=\"elementor-container elementor-column-gap-default\">\n\t\t\t\t\t<div class=\"elementor-column elementor-col-100 elementor-top-column elementor-element elementor-element-ce37d80\" data-id=\"ce37d80\" data-element_type=\"column\" data-e-type=\"column\">\n\t\t\t<div class=\"elementor-widget-wrap elementor-element-populated\">\n\t\t\t\t\t\t<section class=\"elementor-section elementor-inner-section elementor-element elementor-element-1672821 elementor-section-boxed elementor-section-height-default elementor-section-height-default\" data-id=\"1672821\" data-element_type=\"section\" data-e-type=\"section\">\n\t\t\t\t\t\t<div class=\"elementor-container elementor-column-gap-default\">\n\t\t\t\t\t<div class=\"elementor-column elementor-col-50 elementor-inner-column elementor-element elementor-element-63eb457\" data-id=\"63eb457\" data-element_type=\"column\" data-e-type=\"column\">\n\t\t\t<div class=\"elementor-widget-wrap elementor-element-populated\">\n\t\t\t\t\t\t<div class=\"elementor-element elementor-element-72743a0 elementor-widget elementor-widget-text-editor\" data-id=\"72743a0\" data-element_type=\"widget\" data-e-type=\"widget\" data-widget_type=\"text-editor.default\">\n\t\t\t\t<div class=\"elementor-widget-container\">\n\t\t\t\t\t\t\t\t\t<p>Contacto<\/p>\n\t\t\t\t\t\t\t\t<\/div>\n\t\t\t\t<\/div>\n\t\t\t\t<div class=\"elementor-element elementor-element-6f51eef elementor-widget elementor-widget-text-editor\" data-id=\"6f51eef\" data-element_type=\"widget\" data-e-type=\"widget\" data-widget_type=\"text-editor.default\">\n\t\t\t\t<div class=\"elementor-widget-container\">\n\t\t\t\t\t\t\t\t\t<p>Alpha-Bio Iberia, distribuidores oficiais de solu\u00e7\u00f5es avan\u00e7adas em implantologia, regenera\u00e7\u00e3o \u00f3ssea e medicina dent\u00e1ria digital para Espanha e Portugal.<\/p>\n\t\t\t\t\t\t\t\t<\/div>\n\t\t\t\t<\/div>\n\t\t\t\t\t<\/div>\n\t\t<\/div>\n\t\t\t\t<div class=\"elementor-column elementor-col-50 elementor-inner-column elementor-element elementor-element-d4f9279\" data-id=\"d4f9279\" data-element_type=\"column\" data-e-type=\"column\">\n\t\t\t<div class=\"elementor-widget-wrap\">\n\t\t\t\t\t\t\t<\/div>\n\t\t<\/div>\n\t\t\t\t\t<\/div>\n\t\t<\/section>\n\t\t\t\t\t<\/div>\n\t\t<\/div>\n\t\t\t\t\t<\/div>\n\t\t<\/section>\n\t\t\t\t<section class=\"elementor-section elementor-top-section elementor-element elementor-element-d23458c elementor-section-full_width elementor-section-height-default elementor-section-height-default\" data-id=\"d23458c\" data-element_type=\"section\" data-e-type=\"section\" data-settings=\"{&quot;background_background&quot;:&quot;classic&quot;}\">\n\t\t\t\t\t\t<div class=\"elementor-container elementor-column-gap-default\">\n\t\t\t\t\t<div class=\"elementor-column elementor-col-100 elementor-top-column elementor-element elementor-element-a19c65d\" data-id=\"a19c65d\" data-element_type=\"column\" data-e-type=\"column\" data-settings=\"{&quot;background_background&quot;:&quot;classic&quot;}\">\n\t\t\t<div class=\"elementor-widget-wrap elementor-element-populated\">\n\t\t\t\t\t\t<section class=\"elementor-section elementor-inner-section elementor-element elementor-element-61a21c7 elementor-section-boxed elementor-section-height-default elementor-section-height-default\" data-id=\"61a21c7\" data-element_type=\"section\" data-e-type=\"section\">\n\t\t\t\t\t\t<div class=\"elementor-container elementor-column-gap-default\">\n\t\t\t\t\t<div class=\"elementor-column elementor-col-100 elementor-inner-column elementor-element elementor-element-def244c\" data-id=\"def244c\" data-element_type=\"column\" data-e-type=\"column\">\n\t\t\t<div class=\"elementor-widget-wrap elementor-element-populated\">\n\t\t\t\t\t\t<div class=\"elementor-element elementor-element-6af7733 elementor-widget elementor-widget-heading\" data-id=\"6af7733\" data-element_type=\"widget\" data-e-type=\"widget\" data-widget_type=\"heading.default\">\n\t\t\t\t<div class=\"elementor-widget-container\">\n\t\t\t\t\t<h3 class=\"elementor-heading-title elementor-size-default\">Ajudamo-lo a resolver qualquer d\u00favida que possa ter sobre os nossos produtos e servi\u00e7os<\/h3>\t\t\t\t<\/div>\n\t\t\t\t<\/div>\n\t\t\t\t<div class=\"elementor-element elementor-element-8019b52 elementor-widget elementor-widget-heading\" data-id=\"8019b52\" data-element_type=\"widget\" data-e-type=\"widget\" data-widget_type=\"heading.default\">\n\t\t\t\t<div class=\"elementor-widget-container\">\n\t\t\t\t\t<h4 class=\"elementor-heading-title elementor-size-default\">Manter a sua cl\u00ednica dent\u00e1ria actualizada<\/h4>\t\t\t\t<\/div>\n\t\t\t\t<\/div>\n\t\t\t\t\t<\/div>\n\t\t<\/div>\n\t\t\t\t\t<\/div>\n\t\t<\/section>\n\t\t\t\t\t<\/div>\n\t\t<\/div>\n\t\t\t\t\t<\/div>\n\t\t<\/section>\n\t\t\t\t<section class=\"elementor-section elementor-top-section elementor-element elementor-element-235e9c6 elementor-section-full_width elementor-section-height-default elementor-section-height-default elementor-invisible\" data-id=\"235e9c6\" data-element_type=\"section\" data-e-type=\"section\" data-settings=\"{&quot;animation&quot;:&quot;fadeInDown&quot;}\">\n\t\t\t\t\t\t<div class=\"elementor-container elementor-column-gap-default\">\n\t\t\t\t\t<div class=\"elementor-column elementor-col-100 elementor-top-column elementor-element elementor-element-c2c2119\" data-id=\"c2c2119\" data-element_type=\"column\" data-e-type=\"column\" data-settings=\"{&quot;background_background&quot;:&quot;classic&quot;}\">\n\t\t\t<div class=\"elementor-widget-wrap elementor-element-populated\">\n\t\t\t\t\t\t<section class=\"elementor-section elementor-inner-section elementor-element elementor-element-37d6f93 elementor-section-boxed elementor-section-height-default elementor-section-height-default\" data-id=\"37d6f93\" data-element_type=\"section\" data-e-type=\"section\">\n\t\t\t\t\t\t<div class=\"elementor-container elementor-column-gap-default\">\n\t\t\t\t\t<div class=\"elementor-column elementor-col-50 elementor-inner-column elementor-element elementor-element-2b4a159\" data-id=\"2b4a159\" data-element_type=\"column\" data-e-type=\"column\">\n\t\t\t<div class=\"elementor-widget-wrap elementor-element-populated\">\n\t\t\t\t\t\t<div class=\"elementor-element elementor-element-434f355 elementor-widget elementor-widget-heading\" data-id=\"434f355\" data-element_type=\"widget\" data-e-type=\"widget\" data-widget_type=\"heading.default\">\n\t\t\t\t<div class=\"elementor-widget-container\">\n\t\t\t\t\t<h4 class=\"elementor-heading-title elementor-size-default\">Deixe-nos os seus dados de contacto<\/h4>\t\t\t\t<\/div>\n\t\t\t\t<\/div>\n\t\t\t\t<div class=\"elementor-element elementor-element-79ae066 elementor-widget elementor-widget-html\" data-id=\"79ae066\" data-element_type=\"widget\" data-e-type=\"widget\" data-widget_type=\"html.default\">\n\t\t\t\t<div class=\"elementor-widget-container\">\n\t\t\t\t\t<iframe src=\"https:\/\/go.alphabio-iberia.com\/l\/944883\/2024-10-03\/j42xw\" width=\"100%\" height=\"500\" type=\"text\/html\" frameborder=\"0\" allowTransparency=\"true\" style=\"border: 0\"><\/iframe>\t\t\t\t<\/div>\n\t\t\t\t<\/div>\n\t\t\t\t\t<\/div>\n\t\t<\/div>\n\t\t\t\t<div class=\"elementor-column elementor-col-50 elementor-inner-column elementor-element elementor-element-9ef3426\" data-id=\"9ef3426\" data-element_type=\"column\" data-e-type=\"column\">\n\t\t\t<div class=\"elementor-widget-wrap elementor-element-populated\">\n\t\t\t\t\t\t<div class=\"elementor-element elementor-element-261c6c3 elementor-widget elementor-widget-heading\" data-id=\"261c6c3\" data-element_type=\"widget\" data-e-type=\"widget\" data-widget_type=\"heading.default\">\n\t\t\t\t<div class=\"elementor-widget-container\">\n\t\t\t\t\t<h5 class=\"elementor-heading-title elementor-size-default\">Telefone de contacto<\/h5>\t\t\t\t<\/div>\n\t\t\t\t<\/div>\n\t\t\t\t<div class=\"elementor-element elementor-element-4f33bff elementor-tablet-align-center elementor-icon-list--layout-traditional elementor-list-item-link-full_width elementor-widget elementor-widget-icon-list\" data-id=\"4f33bff\" data-element_type=\"widget\" data-e-type=\"widget\" data-widget_type=\"icon-list.default\">\n\t\t\t\t<div class=\"elementor-widget-container\">\n\t\t\t\t\t\t\t<ul class=\"elementor-icon-list-items\">\n\t\t\t\t\t\t\t<li class=\"elementor-icon-list-item\">\n\t\t\t\t\t\t\t\t\t\t\t<a href=\"tel:+34%20605%20834%20660\">\n\n\t\t\t\t\t\t\t\t\t\t\t\t<span class=\"elementor-icon-list-icon\">\n\t\t\t\t\t\t\t<i aria-hidden=\"true\" class=\"fas fa-phone-alt\"><\/i>\t\t\t\t\t\t<\/span>\n\t\t\t\t\t\t\t\t\t\t<span class=\"elementor-icon-list-text\">Encomendar +34 605 834 660<br><\/span>\n\t\t\t\t\t\t\t\t\t\t\t<\/a>\n\t\t\t\t\t\t\t\t\t<\/li>\n\t\t\t\t\t\t\t\t<li class=\"elementor-icon-list-item\">\n\t\t\t\t\t\t\t\t\t\t\t<a href=\"tel:+34%20951%20335%20707\">\n\n\t\t\t\t\t\t\t\t\t\t\t\t<span class=\"elementor-icon-list-icon\">\n\t\t\t\t\t\t\t<i aria-hidden=\"true\" class=\"fas fa-phone-alt\"><\/i>\t\t\t\t\t\t<\/span>\n\t\t\t\t\t\t\t\t\t\t<span class=\"elementor-icon-list-text\">Servi\u00e7o de apoio ao cliente: +34 951 335 707<br><\/span>\n\t\t\t\t\t\t\t\t\t\t\t<\/a>\n\t\t\t\t\t\t\t\t\t<\/li>\n\t\t\t\t\t\t\t\t<li class=\"elementor-icon-list-item\">\n\t\t\t\t\t\t\t\t\t\t\t<a href=\"mailto:contacto@alphabio-iberia.com\">\n\n\t\t\t\t\t\t\t\t\t\t\t\t<span class=\"elementor-icon-list-icon\">\n\t\t\t\t\t\t\t<i aria-hidden=\"true\" class=\"fas fa-envelope\"><\/i>\t\t\t\t\t\t<\/span>\n\t\t\t\t\t\t\t\t\t\t<span class=\"elementor-icon-list-text\">contacto@alphabio-iberia.com<\/span>\n\t\t\t\t\t\t\t\t\t\t\t<\/a>\n\t\t\t\t\t\t\t\t\t<\/li>\n\t\t\t\t\t\t<\/ul>\n\t\t\t\t\t\t<\/div>\n\t\t\t\t<\/div>\n\t\t\t\t<div class=\"elementor-element elementor-element-4da66ac elementor-widget elementor-widget-heading\" data-id=\"4da66ac\" data-element_type=\"widget\" data-e-type=\"widget\" data-widget_type=\"heading.default\">\n\t\t\t\t<div class=\"elementor-widget-container\">\n\t\t\t\t\t<h5 class=\"elementor-heading-title elementor-size-default\">Hor\u00e1rio de abertura<\/h5>\t\t\t\t<\/div>\n\t\t\t\t<\/div>\n\t\t\t\t<div class=\"elementor-element elementor-element-5cfcec2 elementor-tablet-align-center elementor-icon-list--layout-traditional elementor-list-item-link-full_width elementor-widget elementor-widget-icon-list\" data-id=\"5cfcec2\" data-element_type=\"widget\" data-e-type=\"widget\" data-widget_type=\"icon-list.default\">\n\t\t\t\t<div class=\"elementor-widget-container\">\n\t\t\t\t\t\t\t<ul class=\"elementor-icon-list-items\">\n\t\t\t\t\t\t\t<li class=\"elementor-icon-list-item\">\n\t\t\t\t\t\t\t\t\t\t\t<span class=\"elementor-icon-list-icon\">\n\t\t\t\t\t\t\t<i aria-hidden=\"true\" class=\"fas fa-clock\"><\/i>\t\t\t\t\t\t<\/span>\n\t\t\t\t\t\t\t\t\t\t<span class=\"elementor-icon-list-text\">L - V | 09:00 - 18:30<br><\/span>\n\t\t\t\t\t\t\t\t\t<\/li>\n\t\t\t\t\t\t<\/ul>\n\t\t\t\t\t\t<\/div>\n\t\t\t\t<\/div>\n\t\t\t\t\t<\/div>\n\t\t<\/div>\n\t\t\t\t\t<\/div>\n\t\t<\/section>\n\t\t\t\t\t<\/div>\n\t\t<\/div>\n\t\t\t\t\t<\/div>\n\t\t<\/section>\n\t\t\t\t<\/div>\n\t\t","protected":false},"excerpt":{"rendered":"<p>Contacto Alpha-Bio Iberia, distribuidores oficiais de solu\u00e7\u00f5es avan\u00e7adas em implantologia, regenera\u00e7\u00e3o \u00f3ssea e medicina dent\u00e1ria digital para Espanha e Portugal. Ajudamo-lo a resolver qualquer d\u00favida que possa ter sobre os nossos produtos e servi\u00e7os Manter a sua cl\u00ednica dent\u00e1ria actualizada Deixe-nos os seus dados de contacto Telefone de contacto Encomendar +34 605 834 660 Servi\u00e7o [&hellip;]<\/p>\n","protected":false},"author":1,"featured_media":0,"parent":0,"menu_order":0,"comment_status":"closed","ping_status":"closed","template":"elementor_header_footer","meta":{"_acf_changed":false,"footnotes":""},"class_list":["post-21621","page","type-page","status-publish","hentry"],"acf":[],"yoast_head":"<!-- This site is optimized with the Yoast SEO plugin v27.4 - https:\/\/yoast.com\/product\/yoast-seo-wordpress\/ -->\n<title>Alpha-Bio Iberia | Contacto | Alpha-Bio Iberia<\/title>\n<meta name=\"robots\" content=\"index, follow, max-snippet:-1, max-image-preview:large, max-video-preview:-1\" \/>\n<link rel=\"canonical\" href=\"https:\/\/alphabio-iberia.com\/pt-pt\/alpha-bio-iberia-contacto\/\" \/>\n<meta property=\"og:locale\" content=\"pt_PT\" \/>\n<meta property=\"og:type\" content=\"article\" \/>\n<meta property=\"og:title\" content=\"Alpha-Bio Iberia | Contacto | Alpha-Bio Iberia\" \/>\n<meta property=\"og:description\" content=\"Contacto Alpha-Bio Iberia, distribuidores oficiais de solu\u00e7\u00f5es avan\u00e7adas em implantologia, regenera\u00e7\u00e3o \u00f3ssea e medicina dent\u00e1ria digital para Espanha e Portugal. Ajudamo-lo a resolver qualquer d\u00favida que possa ter sobre os nossos produtos e servi\u00e7os Manter a sua cl\u00ednica dent\u00e1ria actualizada Deixe-nos os seus dados de contacto Telefone de contacto Encomendar +34 605 834 660 Servi\u00e7o [&hellip;]\" \/>\n<meta property=\"og:url\" content=\"https:\/\/alphabio-iberia.com\/pt-pt\/alpha-bio-iberia-contacto\/\" \/>\n<meta property=\"og:site_name\" content=\"Alpha-Bio Iberia\" \/>\n<meta property=\"article:modified_time\" content=\"2025-02-18T12:24:23+00:00\" \/>\n<meta property=\"og:image\" content=\"https:\/\/alphabio-iberia.com\/wp-content\/uploads\/2024\/01\/cobranding_horizontal_bordegris.png\" \/>\n\t<meta property=\"og:image:width\" content=\"500\" \/>\n\t<meta property=\"og:image:height\" content=\"148\" \/>\n\t<meta property=\"og:image:type\" content=\"image\/png\" \/>\n<meta name=\"twitter:card\" content=\"summary_large_image\" \/>\n<meta name=\"twitter:label1\" content=\"Tempo estimado de leitura\" \/>\n\t<meta name=\"twitter:data1\" content=\"1 minuto\" \/>\n<script type=\"application\/ld+json\" class=\"yoast-schema-graph\">{\"@context\":\"https:\\\/\\\/schema.org\",\"@graph\":[{\"@type\":\"WebPage\",\"@id\":\"https:\\\/\\\/alphabio-iberia.com\\\/pt-pt\\\/alpha-bio-iberia-contacto\\\/\",\"url\":\"https:\\\/\\\/alphabio-iberia.com\\\/pt-pt\\\/alpha-bio-iberia-contacto\\\/\",\"name\":\"Alpha-Bio Iberia | Contacto | Alpha-Bio Iberia\",\"isPartOf\":{\"@id\":\"https:\\\/\\\/alphabio-iberia.com\\\/pt-pt\\\/#website\"},\"datePublished\":\"2023-06-01T08:24:44+00:00\",\"dateModified\":\"2025-02-18T12:24:23+00:00\",\"breadcrumb\":{\"@id\":\"https:\\\/\\\/alphabio-iberia.com\\\/pt-pt\\\/alpha-bio-iberia-contacto\\\/#breadcrumb\"},\"inLanguage\":\"pt-PT\",\"potentialAction\":[{\"@type\":\"ReadAction\",\"target\":[\"https:\\\/\\\/alphabio-iberia.com\\\/pt-pt\\\/alpha-bio-iberia-contacto\\\/\"]}]},{\"@type\":\"BreadcrumbList\",\"@id\":\"https:\\\/\\\/alphabio-iberia.com\\\/pt-pt\\\/alpha-bio-iberia-contacto\\\/#breadcrumb\",\"itemListElement\":[{\"@type\":\"ListItem\",\"position\":1,\"name\":\"Home\",\"item\":\"https:\\\/\\\/alphabio-iberia.com\\\/pt-pt\\\/home\\\/\"},{\"@type\":\"ListItem\",\"position\":2,\"name\":\"Alpha-Bio Iberia | Contacto\"}]},{\"@type\":\"WebSite\",\"@id\":\"https:\\\/\\\/alphabio-iberia.com\\\/pt-pt\\\/#website\",\"url\":\"https:\\\/\\\/alphabio-iberia.com\\\/pt-pt\\\/\",\"name\":\"Alpha-Bio Iberia\",\"description\":\"Distribuidor de soluciones avanzadas en implantolog\u00eda, regeneraci\u00f3n oral y tecnolog\u00eda digital para odont\u00f3logos. Distribuidor de implantes AlphaBio Tec\",\"publisher\":{\"@id\":\"https:\\\/\\\/alphabio-iberia.com\\\/pt-pt\\\/#organization\"},\"potentialAction\":[{\"@type\":\"SearchAction\",\"target\":{\"@type\":\"EntryPoint\",\"urlTemplate\":\"https:\\\/\\\/alphabio-iberia.com\\\/pt-pt\\\/?s={search_term_string}\"},\"query-input\":{\"@type\":\"PropertyValueSpecification\",\"valueRequired\":true,\"valueName\":\"search_term_string\"}}],\"inLanguage\":\"pt-PT\"},{\"@type\":\"Organization\",\"@id\":\"https:\\\/\\\/alphabio-iberia.com\\\/pt-pt\\\/#organization\",\"name\":\"Alpha Bio Iberia\",\"url\":\"https:\\\/\\\/alphabio-iberia.com\\\/pt-pt\\\/\",\"logo\":{\"@type\":\"ImageObject\",\"inLanguage\":\"pt-PT\",\"@id\":\"https:\\\/\\\/alphabio-iberia.com\\\/pt-pt\\\/#\\\/schema\\\/logo\\\/image\\\/\",\"url\":\"https:\\\/\\\/alphabio-iberia.com\\\/wp-content\\\/uploads\\\/2025\\\/01\\\/cropped-logo-alpha-bio-iberia.png\",\"contentUrl\":\"https:\\\/\\\/alphabio-iberia.com\\\/wp-content\\\/uploads\\\/2025\\\/01\\\/cropped-logo-alpha-bio-iberia.png\",\"width\":500,\"height\":143,\"caption\":\"Alpha Bio Iberia\"},\"image\":{\"@id\":\"https:\\\/\\\/alphabio-iberia.com\\\/pt-pt\\\/#\\\/schema\\\/logo\\\/image\\\/\"}}]}<\/script>\n<!-- \/ Yoast SEO plugin. -->","yoast_head_json":{"title":"Alpha-Bio Iberia | Contacto | Alpha-Bio Iberia","robots":{"index":"index","follow":"follow","max-snippet":"max-snippet:-1","max-image-preview":"max-image-preview:large","max-video-preview":"max-video-preview:-1"},"canonical":"https:\/\/alphabio-iberia.com\/pt-pt\/alpha-bio-iberia-contacto\/","og_locale":"pt_PT","og_type":"article","og_title":"Alpha-Bio Iberia | Contacto | Alpha-Bio Iberia","og_description":"Contacto Alpha-Bio Iberia, distribuidores oficiais de solu\u00e7\u00f5es avan\u00e7adas em implantologia, regenera\u00e7\u00e3o \u00f3ssea e medicina dent\u00e1ria digital para Espanha e Portugal. Ajudamo-lo a resolver qualquer d\u00favida que possa ter sobre os nossos produtos e servi\u00e7os Manter a sua cl\u00ednica dent\u00e1ria actualizada Deixe-nos os seus dados de contacto Telefone de contacto Encomendar +34 605 834 660 Servi\u00e7o [&hellip;]","og_url":"https:\/\/alphabio-iberia.com\/pt-pt\/alpha-bio-iberia-contacto\/","og_site_name":"Alpha-Bio Iberia","article_modified_time":"2025-02-18T12:24:23+00:00","og_image":[{"width":500,"height":148,"url":"https:\/\/alphabio-iberia.com\/wp-content\/uploads\/2024\/01\/cobranding_horizontal_bordegris.png","type":"image\/png"}],"twitter_card":"summary_large_image","twitter_misc":{"Tempo estimado de leitura":"1 minuto"},"schema":{"@context":"https:\/\/schema.org","@graph":[{"@type":"WebPage","@id":"https:\/\/alphabio-iberia.com\/pt-pt\/alpha-bio-iberia-contacto\/","url":"https:\/\/alphabio-iberia.com\/pt-pt\/alpha-bio-iberia-contacto\/","name":"Alpha-Bio Iberia | Contacto | Alpha-Bio Iberia","isPartOf":{"@id":"https:\/\/alphabio-iberia.com\/pt-pt\/#website"},"datePublished":"2023-06-01T08:24:44+00:00","dateModified":"2025-02-18T12:24:23+00:00","breadcrumb":{"@id":"https:\/\/alphabio-iberia.com\/pt-pt\/alpha-bio-iberia-contacto\/#breadcrumb"},"inLanguage":"pt-PT","potentialAction":[{"@type":"ReadAction","target":["https:\/\/alphabio-iberia.com\/pt-pt\/alpha-bio-iberia-contacto\/"]}]},{"@type":"BreadcrumbList","@id":"https:\/\/alphabio-iberia.com\/pt-pt\/alpha-bio-iberia-contacto\/#breadcrumb","itemListElement":[{"@type":"ListItem","position":1,"name":"Home","item":"https:\/\/alphabio-iberia.com\/pt-pt\/home\/"},{"@type":"ListItem","position":2,"name":"Alpha-Bio Iberia | Contacto"}]},{"@type":"WebSite","@id":"https:\/\/alphabio-iberia.com\/pt-pt\/#website","url":"https:\/\/alphabio-iberia.com\/pt-pt\/","name":"Alpha-Bio Iberia","description":"Distribuidor de soluciones avanzadas en implantolog\u00eda, regeneraci\u00f3n oral y tecnolog\u00eda digital para odont\u00f3logos. Distribuidor de implantes AlphaBio Tec","publisher":{"@id":"https:\/\/alphabio-iberia.com\/pt-pt\/#organization"},"potentialAction":[{"@type":"SearchAction","target":{"@type":"EntryPoint","urlTemplate":"https:\/\/alphabio-iberia.com\/pt-pt\/?s={search_term_string}"},"query-input":{"@type":"PropertyValueSpecification","valueRequired":true,"valueName":"search_term_string"}}],"inLanguage":"pt-PT"},{"@type":"Organization","@id":"https:\/\/alphabio-iberia.com\/pt-pt\/#organization","name":"Alpha Bio Iberia","url":"https:\/\/alphabio-iberia.com\/pt-pt\/","logo":{"@type":"ImageObject","inLanguage":"pt-PT","@id":"https:\/\/alphabio-iberia.com\/pt-pt\/#\/schema\/logo\/image\/","url":"https:\/\/alphabio-iberia.com\/wp-content\/uploads\/2025\/01\/cropped-logo-alpha-bio-iberia.png","contentUrl":"https:\/\/alphabio-iberia.com\/wp-content\/uploads\/2025\/01\/cropped-logo-alpha-bio-iberia.png","width":500,"height":143,"caption":"Alpha Bio Iberia"},"image":{"@id":"https:\/\/alphabio-iberia.com\/pt-pt\/#\/schema\/logo\/image\/"}}]}},"_links":{"self":[{"href":"https:\/\/alphabio-iberia.com\/pt-pt\/wp-json\/wp\/v2\/pages\/21621","targetHints":{"allow":["GET"]}}],"collection":[{"href":"https:\/\/alphabio-iberia.com\/pt-pt\/wp-json\/wp\/v2\/pages"}],"about":[{"href":"https:\/\/alphabio-iberia.com\/pt-pt\/wp-json\/wp\/v2\/types\/page"}],"author":[{"embeddable":true,"href":"https:\/\/alphabio-iberia.com\/pt-pt\/wp-json\/wp\/v2\/users\/1"}],"replies":[{"embeddable":true,"href":"https:\/\/alphabio-iberia.com\/pt-pt\/wp-json\/wp\/v2\/comments?post=21621"}],"version-history":[{"count":11,"href":"https:\/\/alphabio-iberia.com\/pt-pt\/wp-json\/wp\/v2\/pages\/21621\/revisions"}],"predecessor-version":[{"id":36318,"href":"https:\/\/alphabio-iberia.com\/pt-pt\/wp-json\/wp\/v2\/pages\/21621\/revisions\/36318"}],"wp:attachment":[{"href":"https:\/\/alphabio-iberia.com\/pt-pt\/wp-json\/wp\/v2\/media?parent=21621"}],"curies":[{"name":"wp","href":"https:\/\/api.w.org\/{rel}","templated":true}]}}