{"id":16936,"date":"2021-07-12T09:02:48","date_gmt":"2021-07-12T09:02:48","guid":{"rendered":"https:\/\/alphabio-iberia.com\/politica-de-privacidade\/"},"modified":"2022-07-26T11:37:02","modified_gmt":"2022-07-26T11:37:02","slug":"politica-de-privacidade","status":"publish","type":"page","link":"https:\/\/alphabio-iberia.com\/pt-pt\/politica-de-privacidade\/","title":{"rendered":"Pol\u00edtica de privacidade"},"content":{"rendered":"&#13;\n<h2 class=\"wp-block-heading\">Quem somos<\/h2>&#13;\n&#13;\n<p>A dire\u00e7\u00e3o do nosso site \u00e9: https:\/\/alphabio-iberia.com<\/p>&#13;\n&#13;\n<h2 class=\"wp-block-heading\">Coment\u00e1rios<\/h2>&#13;\n&#13;\n<p>Quando os visitantes deixam coment\u00e1rios no site, reunimos os dados que se mostram no formul\u00e1rio de coment\u00e1rios, bem como a dire\u00e7\u00e3o IP do visitante e a corrente de agentes de utente do navegador para ajudar \u00e0 detec\u00e7\u00e3o de spam.<\/p>&#13;\n&#13;\n<p>Uma corrente an\u00f3nima criada a partir da tua dire\u00e7\u00e3o de e-mail (tamb\u00e9m chamada hash) pode ser proporcionada ao servi\u00e7o de Gravat\u00e1 para ver se a est\u00e1s a usar. A pol\u00edtica de privacidade do servi\u00e7o Gravatar est\u00e1 dispon\u00edvel aqui: https:\/\/automattic.com\/privacy\/. Ap\u00f3s a aprova\u00e7\u00e3o do teu coment\u00e1rio, a imagem do teu perfil \u00e9 vis\u00edvel para o p\u00fablico no contexto do teu coment\u00e1rio.<\/p>&#13;\n&#13;\n<h2 class=\"wp-block-heading\">Meios<\/h2>&#13;\n&#13;\n<p>Sobre as imagens do site, deveriam evitar subir imagens com dados de localiza\u00e7\u00e3o (GPS EXIF) inclu\u00eddos. Os visitantes do site podem descarregar e extrair qualquer dado de localiza\u00e7\u00e3o das imagens do site.<\/p>&#13;\n&#13;\n<h2 class=\"wp-block-heading\">Cookies<\/h2>&#13;\n&#13;\n<p>Se deixares um coment\u00e1rio no nosso s\u00edtio podes eleger guardar o teu nome, dire\u00e7\u00e3o de e-mail e site em cookies. Isto \u00e9 para o teu conforto, para que n\u00e3o tenham que voltar a rechear os teus dados quando deixes outro coment\u00e1rio. Estas cookies ter\u00e3o uma dura\u00e7\u00e3o de um ano.<\/p>&#13;\n&#13;\n<p>Se tens uma conta e ligaste a este s\u00edtio, instalaremos um cookie tempor\u00e1rio para determinar se o seu navegador aceita cookies. Este cookie n\u00e3o cont\u00e9m dados pessoais e se elimina ao fechar o navegador.<\/p>&#13;\n&#13;\n<p>Quando acedes, tamb\u00e9m instalaremos v\u00e1rios cookies para guardar a tua informa\u00e7\u00e3o de acesso e as tuas op\u00e7\u00f5es de visualiza\u00e7\u00e3o de ecr\u00e3. Os cookies de acesso duram dois dias, e as op\u00e7\u00f5es de ecr\u00e3 duram um ano. Se selecionar \u00abRecorda-me\u00bb, o teu acesso perdurar\u00e1 durante duas semanas. Se salgas da tua conta, os cookies de acesso eliminar-se-\u00e3o.<\/p>&#13;\n&#13;\n<p>Se editar ou publicar um artigo guardar-se-\u00e1 um cookie adicional no teu navegador. Este cookie n\u00e3o inclui dados pessoais e simplesmente indica o V\u00c3O do artigo que acabas de editar. Caduca ap\u00f3s 1 dia.<\/p>&#13;\n&#13;\n<h2 class=\"wp-block-heading\">Conte\u00fado incorporado de outros s\u00edtios site<\/h2>&#13;\n&#13;\n<p>Os artigos deste s\u00edtio podem incluir conte\u00fado incorporado (por exemplo, v\u00eddeos, imagens, artigos, etc.). O conte\u00fado incorporado de outros sites comporta-se exatamente da mesma maneira que se o visitante visitasse o outro site.<\/p>&#13;\n&#13;\n<p>Este site pode reunir dados sobre ti, utilizar cookies, incrustar um segmento adicional de terceiros, e supervisionar a tua intera\u00e7\u00e3o com esse conte\u00fado incorporado, inclu\u00eddo o seguimento da sua intera\u00e7\u00e3o com o conte\u00fado incorporado se tens uma conta e est\u00e1s ligado a esse site.<\/p>&#13;\n&#13;\n<h2 class=\"wp-block-heading\">Com quem compartilhamos os teus dados<\/h2>&#13;\n&#13;\n<p>Se solicitar uma restaura\u00e7\u00e3o de palavra passe, a sua dire\u00e7\u00e3o IP ser\u00e1 inclu\u00edda no e-mail de restaura\u00e7\u00e3o.<\/p>&#13;\n&#13;\n<h2 class=\"wp-block-heading\">Quanto tempo conservamos os teus dados<\/h2>&#13;\n&#13;\n<p>Se deixas um coment\u00e1rio, o coment\u00e1rio e os seus metadados conservam-se indefinidamente. Isto \u00e9 para que possamos reconhecer e aprovar coment\u00e1rios sucessivos automaticamente, em local de manter em uma bicha de modera\u00e7\u00e3o.<\/p>&#13;\n&#13;\n<p>Dos utentes que se registam no nosso site (se os h\u00e1), tamb\u00e9m armazenamos a informa\u00e7\u00e3o pessoal que proporcionam no seu perfil de utente. Todos os utentes podem ver, editar ou eliminar a sua informa\u00e7\u00e3o pessoal em qualquer momento (exceto que n\u00e3o podem mudar o seu nome de utente). Os administradores do site tamb\u00e9m podem ver e editar essa informa\u00e7\u00e3o.<\/p>&#13;\n&#13;\n<h2 class=\"wp-block-heading\">Que direitos tens envelope os teus dados<\/h2>&#13;\n&#13;\n<p>Se tens uma conta ou deixaste coment\u00e1rios neste site, podes solicitar receber um arquivo de exporta\u00e7\u00e3o dos dados pessoais que temos neste envelope ti, incluindo qualquer dado que nos tenhas proporcionado. Tamb\u00e9m podes solicitar que eliminemos qualquer dado pessoal que tenhamos sobre ti. Isto n\u00e3o inclui nenhum dado que estejamos obrigados a conservar com fins administrativos, legais ou de seguran\u00e7a.<\/p>&#13;\n&#13;\n<h2 class=\"wp-block-heading\">Onde enviamos os teus dados<\/h2>&#13;\n&#13;\n<p>Os coment\u00e1rios dos visitantes pode que os revise um servi\u00e7o de detec\u00e7\u00e3o autom\u00e1tica de spam.<\/p>&#13;\n<p>\u00a0<\/p>&#13;\n<p>\u00a0<\/p>&#13;\n","protected":false},"excerpt":{"rendered":"<p>&#13; Quem somos &#13; &#13; A dire\u00e7\u00e3o do nosso site \u00e9: https:\/\/alphabio-iberia.com &#13; &#13; Coment\u00e1rios &#13; &#13; Quando os visitantes deixam coment\u00e1rios no site, reunimos os dados que se mostram no formul\u00e1rio de coment\u00e1rios, bem como a dire\u00e7\u00e3o IP do visitante e a corrente de agentes de utente do navegador para ajudar \u00e0 detec\u00e7\u00e3o de [&hellip;]<\/p>\n","protected":false},"author":1,"featured_media":0,"parent":0,"menu_order":0,"comment_status":"closed","ping_status":"closed","template":"","meta":{"_acf_changed":false,"footnotes":""},"class_list":["post-16936","page","type-page","status-publish","hentry"],"acf":[],"yoast_head":"<!-- This site is optimized with the Yoast SEO plugin v27.4 - https:\/\/yoast.com\/product\/yoast-seo-wordpress\/ -->\n<title>Pol\u00edtica de privacidade - Alpha-Bio Iberia<\/title>\n<meta name=\"robots\" content=\"index, follow, max-snippet:-1, max-image-preview:large, max-video-preview:-1\" \/>\n<link rel=\"canonical\" href=\"https:\/\/alphabio-iberia.com\/pt-pt\/politica-de-privacidade\/\" \/>\n<meta property=\"og:locale\" content=\"pt_PT\" \/>\n<meta property=\"og:type\" content=\"article\" \/>\n<meta property=\"og:title\" content=\"Pol\u00edtica de privacidade - Alpha-Bio Iberia\" \/>\n<meta property=\"og:description\" content=\"&#013; Quem somos &#013; &#013; A dire\u00e7\u00e3o do nosso site \u00e9: https:\/\/alphabio-iberia.com &#013; &#013; Coment\u00e1rios &#013; &#013; Quando os visitantes deixam coment\u00e1rios no site, reunimos os dados que se mostram no formul\u00e1rio de coment\u00e1rios, bem como a dire\u00e7\u00e3o IP do visitante e a corrente de agentes de utente do navegador para ajudar \u00e0 detec\u00e7\u00e3o de [&hellip;]\" \/>\n<meta property=\"og:url\" content=\"https:\/\/alphabio-iberia.com\/pt-pt\/politica-de-privacidade\/\" \/>\n<meta property=\"og:site_name\" content=\"Alpha-Bio Iberia\" \/>\n<meta property=\"article:modified_time\" content=\"2022-07-26T11:37:02+00:00\" \/>\n<meta property=\"og:image\" content=\"https:\/\/alphabio-iberia.com\/wp-content\/uploads\/2024\/01\/cobranding_horizontal_bordegris.png\" \/>\n\t<meta property=\"og:image:width\" content=\"500\" \/>\n\t<meta property=\"og:image:height\" content=\"148\" \/>\n\t<meta property=\"og:image:type\" content=\"image\/png\" \/>\n<meta name=\"twitter:card\" content=\"summary_large_image\" \/>\n<meta name=\"twitter:label1\" content=\"Tempo estimado de leitura\" \/>\n\t<meta name=\"twitter:data1\" content=\"3 minutos\" \/>\n<script type=\"application\/ld+json\" class=\"yoast-schema-graph\">{\"@context\":\"https:\\\/\\\/schema.org\",\"@graph\":[{\"@type\":\"WebPage\",\"@id\":\"https:\\\/\\\/alphabio-iberia.com\\\/pt-pt\\\/politica-de-privacidade\\\/\",\"url\":\"https:\\\/\\\/alphabio-iberia.com\\\/pt-pt\\\/politica-de-privacidade\\\/\",\"name\":\"Pol\u00edtica de privacidade - Alpha-Bio Iberia\",\"isPartOf\":{\"@id\":\"https:\\\/\\\/alphabio-iberia.com\\\/pt-pt\\\/#website\"},\"datePublished\":\"2021-07-12T09:02:48+00:00\",\"dateModified\":\"2022-07-26T11:37:02+00:00\",\"breadcrumb\":{\"@id\":\"https:\\\/\\\/alphabio-iberia.com\\\/pt-pt\\\/politica-de-privacidade\\\/#breadcrumb\"},\"inLanguage\":\"pt-PT\",\"potentialAction\":[{\"@type\":\"ReadAction\",\"target\":[\"https:\\\/\\\/alphabio-iberia.com\\\/pt-pt\\\/politica-de-privacidade\\\/\"]}]},{\"@type\":\"BreadcrumbList\",\"@id\":\"https:\\\/\\\/alphabio-iberia.com\\\/pt-pt\\\/politica-de-privacidade\\\/#breadcrumb\",\"itemListElement\":[{\"@type\":\"ListItem\",\"position\":1,\"name\":\"Home\",\"item\":\"https:\\\/\\\/alphabio-iberia.com\\\/pt-pt\\\/home\\\/\"},{\"@type\":\"ListItem\",\"position\":2,\"name\":\"Pol\u00edtica de privacidade\"}]},{\"@type\":\"WebSite\",\"@id\":\"https:\\\/\\\/alphabio-iberia.com\\\/pt-pt\\\/#website\",\"url\":\"https:\\\/\\\/alphabio-iberia.com\\\/pt-pt\\\/\",\"name\":\"Alpha-Bio Iberia\",\"description\":\"Distribuidor de soluciones avanzadas en implantolog\u00eda, regeneraci\u00f3n oral y tecnolog\u00eda digital para odont\u00f3logos. Distribuidor de implantes AlphaBio Tec\",\"publisher\":{\"@id\":\"https:\\\/\\\/alphabio-iberia.com\\\/pt-pt\\\/#organization\"},\"potentialAction\":[{\"@type\":\"SearchAction\",\"target\":{\"@type\":\"EntryPoint\",\"urlTemplate\":\"https:\\\/\\\/alphabio-iberia.com\\\/pt-pt\\\/?s={search_term_string}\"},\"query-input\":{\"@type\":\"PropertyValueSpecification\",\"valueRequired\":true,\"valueName\":\"search_term_string\"}}],\"inLanguage\":\"pt-PT\"},{\"@type\":\"Organization\",\"@id\":\"https:\\\/\\\/alphabio-iberia.com\\\/pt-pt\\\/#organization\",\"name\":\"Alpha Bio Iberia\",\"url\":\"https:\\\/\\\/alphabio-iberia.com\\\/pt-pt\\\/\",\"logo\":{\"@type\":\"ImageObject\",\"inLanguage\":\"pt-PT\",\"@id\":\"https:\\\/\\\/alphabio-iberia.com\\\/pt-pt\\\/#\\\/schema\\\/logo\\\/image\\\/\",\"url\":\"https:\\\/\\\/alphabio-iberia.com\\\/wp-content\\\/uploads\\\/2025\\\/01\\\/cropped-logo-alpha-bio-iberia.png\",\"contentUrl\":\"https:\\\/\\\/alphabio-iberia.com\\\/wp-content\\\/uploads\\\/2025\\\/01\\\/cropped-logo-alpha-bio-iberia.png\",\"width\":500,\"height\":143,\"caption\":\"Alpha Bio Iberia\"},\"image\":{\"@id\":\"https:\\\/\\\/alphabio-iberia.com\\\/pt-pt\\\/#\\\/schema\\\/logo\\\/image\\\/\"}}]}<\/script>\n<!-- \/ Yoast SEO plugin. -->","yoast_head_json":{"title":"Pol\u00edtica de privacidade - Alpha-Bio Iberia","robots":{"index":"index","follow":"follow","max-snippet":"max-snippet:-1","max-image-preview":"max-image-preview:large","max-video-preview":"max-video-preview:-1"},"canonical":"https:\/\/alphabio-iberia.com\/pt-pt\/politica-de-privacidade\/","og_locale":"pt_PT","og_type":"article","og_title":"Pol\u00edtica de privacidade - Alpha-Bio Iberia","og_description":"&#13; Quem somos &#13; &#13; A dire\u00e7\u00e3o do nosso site \u00e9: https:\/\/alphabio-iberia.com &#13; &#13; Coment\u00e1rios &#13; &#13; Quando os visitantes deixam coment\u00e1rios no site, reunimos os dados que se mostram no formul\u00e1rio de coment\u00e1rios, bem como a dire\u00e7\u00e3o IP do visitante e a corrente de agentes de utente do navegador para ajudar \u00e0 detec\u00e7\u00e3o de [&hellip;]","og_url":"https:\/\/alphabio-iberia.com\/pt-pt\/politica-de-privacidade\/","og_site_name":"Alpha-Bio Iberia","article_modified_time":"2022-07-26T11:37:02+00:00","og_image":[{"width":500,"height":148,"url":"https:\/\/alphabio-iberia.com\/wp-content\/uploads\/2024\/01\/cobranding_horizontal_bordegris.png","type":"image\/png"}],"twitter_card":"summary_large_image","twitter_misc":{"Tempo estimado de leitura":"3 minutos"},"schema":{"@context":"https:\/\/schema.org","@graph":[{"@type":"WebPage","@id":"https:\/\/alphabio-iberia.com\/pt-pt\/politica-de-privacidade\/","url":"https:\/\/alphabio-iberia.com\/pt-pt\/politica-de-privacidade\/","name":"Pol\u00edtica de privacidade - Alpha-Bio Iberia","isPartOf":{"@id":"https:\/\/alphabio-iberia.com\/pt-pt\/#website"},"datePublished":"2021-07-12T09:02:48+00:00","dateModified":"2022-07-26T11:37:02+00:00","breadcrumb":{"@id":"https:\/\/alphabio-iberia.com\/pt-pt\/politica-de-privacidade\/#breadcrumb"},"inLanguage":"pt-PT","potentialAction":[{"@type":"ReadAction","target":["https:\/\/alphabio-iberia.com\/pt-pt\/politica-de-privacidade\/"]}]},{"@type":"BreadcrumbList","@id":"https:\/\/alphabio-iberia.com\/pt-pt\/politica-de-privacidade\/#breadcrumb","itemListElement":[{"@type":"ListItem","position":1,"name":"Home","item":"https:\/\/alphabio-iberia.com\/pt-pt\/home\/"},{"@type":"ListItem","position":2,"name":"Pol\u00edtica de privacidade"}]},{"@type":"WebSite","@id":"https:\/\/alphabio-iberia.com\/pt-pt\/#website","url":"https:\/\/alphabio-iberia.com\/pt-pt\/","name":"Alpha-Bio Iberia","description":"Distribuidor de soluciones avanzadas en implantolog\u00eda, regeneraci\u00f3n oral y tecnolog\u00eda digital para odont\u00f3logos. Distribuidor de implantes AlphaBio Tec","publisher":{"@id":"https:\/\/alphabio-iberia.com\/pt-pt\/#organization"},"potentialAction":[{"@type":"SearchAction","target":{"@type":"EntryPoint","urlTemplate":"https:\/\/alphabio-iberia.com\/pt-pt\/?s={search_term_string}"},"query-input":{"@type":"PropertyValueSpecification","valueRequired":true,"valueName":"search_term_string"}}],"inLanguage":"pt-PT"},{"@type":"Organization","@id":"https:\/\/alphabio-iberia.com\/pt-pt\/#organization","name":"Alpha Bio Iberia","url":"https:\/\/alphabio-iberia.com\/pt-pt\/","logo":{"@type":"ImageObject","inLanguage":"pt-PT","@id":"https:\/\/alphabio-iberia.com\/pt-pt\/#\/schema\/logo\/image\/","url":"https:\/\/alphabio-iberia.com\/wp-content\/uploads\/2025\/01\/cropped-logo-alpha-bio-iberia.png","contentUrl":"https:\/\/alphabio-iberia.com\/wp-content\/uploads\/2025\/01\/cropped-logo-alpha-bio-iberia.png","width":500,"height":143,"caption":"Alpha Bio Iberia"},"image":{"@id":"https:\/\/alphabio-iberia.com\/pt-pt\/#\/schema\/logo\/image\/"}}]}},"_links":{"self":[{"href":"https:\/\/alphabio-iberia.com\/pt-pt\/wp-json\/wp\/v2\/pages\/16936","targetHints":{"allow":["GET"]}}],"collection":[{"href":"https:\/\/alphabio-iberia.com\/pt-pt\/wp-json\/wp\/v2\/pages"}],"about":[{"href":"https:\/\/alphabio-iberia.com\/pt-pt\/wp-json\/wp\/v2\/types\/page"}],"author":[{"embeddable":true,"href":"https:\/\/alphabio-iberia.com\/pt-pt\/wp-json\/wp\/v2\/users\/1"}],"replies":[{"embeddable":true,"href":"https:\/\/alphabio-iberia.com\/pt-pt\/wp-json\/wp\/v2\/comments?post=16936"}],"version-history":[{"count":0,"href":"https:\/\/alphabio-iberia.com\/pt-pt\/wp-json\/wp\/v2\/pages\/16936\/revisions"}],"wp:attachment":[{"href":"https:\/\/alphabio-iberia.com\/pt-pt\/wp-json\/wp\/v2\/media?parent=16936"}],"curies":[{"name":"wp","href":"https:\/\/api.w.org\/{rel}","templated":true}]}}